{"id":10,"date":"2021-10-12T09:59:37","date_gmt":"2021-10-12T07:59:37","guid":{"rendered":"https:\/\/oslofri.no\/?page_id=10"},"modified":"2021-11-15T09:13:07","modified_gmt":"2021-11-15T08:13:07","slug":"automatisk-kladd","status":"publish","type":"page","link":"https:\/\/oslofri.no\/2021\/","title":{"rendered":"forside"},"content":{"rendered":"<div id=\"cs-content\" class=\"cs-content\"><\/div>\n","protected":false},"excerpt":{"rendered":"<p>Velkommen til Oslo fri 2021! 12. til 14. november \u00a0\u2022 \u00a0SALT art &amp; music og Oslo teatersenter FORESTILLINGER | MUSIKK | WORKSHOPS #oslofri Takk for festivalen! Vi sees igjen i 2022!OSLO FRI 2021 Programmet er klart, billetter er lagt ut for salg, og det er n\u00e5 \u00e5pent for p\u00e5melding til workshop!\u00a0Alle forestillingene vises i \u00e5r p\u00e5 SALT art &amp; music, &#8230;<\/p>\n","protected":false},"author":1,"featured_media":0,"parent":0,"menu_order":0,"comment_status":"closed","ping_status":"closed","template":"template-blank-4.php","meta":{"footnotes":""},"class_list":["post-10","page","type-page","status-publish","hentry","no-post-thumbnail"],"_links":{"self":[{"href":"https:\/\/oslofri.no\/2021\/wp-json\/wp\/v2\/pages\/10","targetHints":{"allow":["GET"]}}],"collection":[{"href":"https:\/\/oslofri.no\/2021\/wp-json\/wp\/v2\/pages"}],"about":[{"href":"https:\/\/oslofri.no\/2021\/wp-json\/wp\/v2\/types\/page"}],"author":[{"embeddable":true,"href":"https:\/\/oslofri.no\/2021\/wp-json\/wp\/v2\/users\/1"}],"replies":[{"embeddable":true,"href":"https:\/\/oslofri.no\/2021\/wp-json\/wp\/v2\/comments?post=10"}],"version-history":[{"count":259,"href":"https:\/\/oslofri.no\/2021\/wp-json\/wp\/v2\/pages\/10\/revisions"}],"predecessor-version":[{"id":389,"href":"https:\/\/oslofri.no\/2021\/wp-json\/wp\/v2\/pages\/10\/revisions\/389"}],"wp:attachment":[{"href":"https:\/\/oslofri.no\/2021\/wp-json\/wp\/v2\/media?parent=10"}],"curies":[{"name":"wp","href":"https:\/\/api.w.org\/{rel}","templated":true}]}}